{"id":919,"date":"2021-12-09T12:31:55","date_gmt":"2021-12-09T11:31:55","guid":{"rendered":"http:\/\/smaknis.pl\/?page_id=919"},"modified":"2024-08-26T23:50:47","modified_gmt":"2024-08-26T21:50:47","slug":"karty-elektroniczne-informacje","status":"publish","type":"page","link":"http:\/\/smaknis.pl\/index.php\/karty-elektroniczne-informacje\/","title":{"rendered":"Karty elektroniczne &#8211; informacje"},"content":{"rendered":"<p><img loading=\"lazy\" decoding=\"async\" class=\"alignleft wp-image-934\" src=\"http:\/\/smaknis.pl\/wp-content\/uploads\/2021\/12\/karta-obiadowa-300x206.jpg\" alt=\"\" width=\"339\" height=\"233\" srcset=\"http:\/\/smaknis.pl\/wp-content\/uploads\/2021\/12\/karta-obiadowa-300x206.jpg 300w, http:\/\/smaknis.pl\/wp-content\/uploads\/2021\/12\/karta-obiadowa-600x412.jpg 600w, http:\/\/smaknis.pl\/wp-content\/uploads\/2021\/12\/karta-obiadowa-768x528.jpg 768w, http:\/\/smaknis.pl\/wp-content\/uploads\/2021\/12\/karta-obiadowa-1024x704.jpg 1024w, http:\/\/smaknis.pl\/wp-content\/uploads\/2021\/12\/karta-obiadowa.jpg 1208w\" sizes=\"(max-width: 339px) 100vw, 339px\" \/>Zasady dzia\u0142ania\u00a0<strong>KART OBIADOWYCH<\/strong>:<\/p>\n<ol>\n<li>Obiady b\u0119d\u0105 wydawane na podstawie <strong>indywidualnej<\/strong> <strong>karty magnetycznej<\/strong>, kt\u00f3r\u0105 otrzymuje ucze\u0144.<\/li>\n<li>Karty magnetyczne s\u0105 <strong>tylko numerowane (na kartach nie ma imienia i nazwiska<\/strong>) i\u00a0przypisane indywidualnie do ucznia w systemie elektronicznym.<\/li>\n<li>Za karty b\u0119dzie pobierana <strong>JEDNORAZOWA, ZWROTNA kaucja<\/strong> w wysoko\u015bci 20 z\u0142.\n<ul>\n<li>Kaucja oddana b\u0119dzie po zwrocie karty (po zako\u0144czeniu nauki dziecka w szkole lub po ewentualnej rezygnacji z obiad\u00f3w).<\/li>\n<li>Zniszczenie lub zagubienie karty, wydanie nowej b\u0119dzie wi\u0105za\u0142o si\u0119 z jej zakupem w cenie 20 z\u0142.<\/li>\n<\/ul>\n<\/li>\n<li>Przy okienku, w kt\u00f3rym wydawane s\u0105 obiady, znajduje si\u0119 czytnik kart.<\/li>\n<li><strong>Obiad b\u0119dzie wydany<\/strong> <strong>jedynie w przypadku<\/strong> <strong>przedp\u0142acenia <\/strong>abonamentu na dany okres rozliczeniowy lub wykupienia na karcie obiadu na dany dzie\u0144.<\/li>\n<li><strong>Rodzicom zostanie udost\u0119pniona aplikacja on-line, kt\u00f3ra<\/strong> daje wgl\u0105d do:\n<ul>\n<li>bie\u017c\u0105cych rozlicze\u0144,<\/li>\n<li>wysoko\u015bci aktualnego abonamentu,<\/li>\n<li>ewentualnej niedop\u0142aty lub nadp\u0142aty na koncie,<\/li>\n<li>mo\u017cliwo\u015b\u0107 zap\u0142aty on-line za posi\u0142ki,<\/li>\n<li>odwo\u0142ywania obiad\u00f3w w przypadku nieobecno\u015bci dziecka w szkole.<\/li>\n<\/ul>\n<\/li>\n<li>Rodzice uczni\u00f3w, kt\u00f3rzy <a href=\"http:\/\/smaknis.pl\/wp-content\/uploads\/2024\/08\/KARTA-ZGLOSZENIA-DZIECKA-NA-OBIADY-2025-1.pdf\">z\u0142o\u017cyli <strong>deklaracj\u0119<\/strong> <\/a>na korzystanie z obiad\u00f3w:\n<ul>\n<li>Otrzymaj\u0105 na podany w deklaracji mail link do logowania si\u0119 w aplikacji<\/li>\n<li>B\u0119d\u0105 mie\u0107 ustawion\u0105 <strong>p\u0142atno\u015b\u0107 za obiady na karcie do 5 dnia miesi\u0105ca<\/strong>.<\/li>\n<\/ul>\n<\/li>\n<li>Je\u017celi rodzi\u0107 nie zdecyduje si\u0119 na z\u0142o\u017cenia takiej deklaracji, <strong>dziecko nie otrzyma obiadu 1 dnia miesi\u0105ca, je\u017celi obiady nie b\u0119d\u0105 op\u0142acone do ostatniego dnia poprzedniego miesi\u0105ca<\/strong>.<\/li>\n<li>Prosz\u0119 o zapoznanie si\u0119 na stronie ze szczeg\u00f3\u0142owym <strong>regulaminem<\/strong> od dostawcy kart<a href=\"#_ftn2\" name=\"_ftnref2\"><\/a> oraz z <strong>polityk\u0105 prywatno\u015bci.\u00a0 \u00a0<\/strong><\/li>\n<\/ol>\n<p><strong>WA\u017bNE! Ka\u017cde dziecka, kt\u00f3re b\u0119dzie mia\u0142o zam\u00f3wiony obiad na dany dzie\u0144 otrzyma posi\u0142ek nawet je\u015bli nie b\u0119dzie mia\u0142o przy sobie karty. Jednak pierwsze\u0144stwo otrzymania posi\u0142ku b\u0119d\u0105 mie\u0107 dzieci z kartami. Dzieci, kt\u00f3re zapomn\u0105 karty lub j\u0105 zgubi\u0105 obiad otrzymaj\u0105 po dzieciach z kartami.<\/strong><\/p>\n<hr \/>\n<p><a href=\"http:\/\/smaknis.pl\/wp-content\/uploads\/2021\/12\/Regulamin-krakowsp33-2.pdf\"><strong>REGULAMIN \u201ePLATFORMY RODZICA\u201d<\/strong><\/a><\/p>\n<p><a href=\"http:\/\/smaknis.pl\/wp-content\/uploads\/2021\/12\/Polityka-krakowsp33-3.pdf\"><strong>POLITYKA PRYWATNO\u015aCI<\/strong><\/a><\/p>\n<p><a href=\"#_ftnref1\" name=\"_ftn1\"><\/a><\/p>\n","protected":false},"excerpt":{"rendered":"<p>Zasady dzia\u0142ania\u00a0KART OBIADOWYCH: Obiady b\u0119d\u0105 wydawane na podstawie indywidualnej karty magnetycznej, kt\u00f3r\u0105 otrzymuje ucze\u0144. Karty magnetyczne s\u0105 tylko numerowane (na&hellip;<\/p>\n","protected":false},"author":1,"featured_media":0,"parent":0,"menu_order":0,"comment_status":"closed","ping_status":"closed","template":"","meta":{"footnotes":""},"class_list":["post-919","page","type-page","status-publish","hentry"],"jetpack_sharing_enabled":true,"_links":{"self":[{"href":"http:\/\/smaknis.pl\/index.php\/wp-json\/wp\/v2\/pages\/919"}],"collection":[{"href":"http:\/\/smaknis.pl\/index.php\/wp-json\/wp\/v2\/pages"}],"about":[{"href":"http:\/\/smaknis.pl\/index.php\/wp-json\/wp\/v2\/types\/page"}],"author":[{"embeddable":true,"href":"http:\/\/smaknis.pl\/index.php\/wp-json\/wp\/v2\/users\/1"}],"replies":[{"embeddable":true,"href":"http:\/\/smaknis.pl\/index.php\/wp-json\/wp\/v2\/comments?post=919"}],"version-history":[{"count":7,"href":"http:\/\/smaknis.pl\/index.php\/wp-json\/wp\/v2\/pages\/919\/revisions"}],"predecessor-version":[{"id":1322,"href":"http:\/\/smaknis.pl\/index.php\/wp-json\/wp\/v2\/pages\/919\/revisions\/1322"}],"wp:attachment":[{"href":"http:\/\/smaknis.pl\/index.php\/wp-json\/wp\/v2\/media?parent=919"}],"curies":[{"name":"wp","href":"https:\/\/api.w.org\/{rel}","templated":true}]}}