{"id":80,"date":"2016-03-27T20:16:25","date_gmt":"2016-03-27T18:16:25","guid":{"rendered":"http:\/\/nowy.smaknis.pl\/?page_id=80"},"modified":"2024-08-26T23:48:00","modified_gmt":"2024-08-26T21:48:00","slug":"regulamin-oplat-za-obiady","status":"publish","type":"page","link":"https:\/\/smaknis.pl\/index.php\/regulamin-oplat-za-obiady\/","title":{"rendered":"Regulamin op\u0142at za obiady"},"content":{"rendered":"<p><strong>R<\/strong><strong>egulamin op\u0142at za obiady<br \/>\n<\/strong><\/p>\n<ul>\n<li>Warunkiem skorzystania z obiad\u00f3w w sto\u0142\u00f3wce szkolnej jest wype\u0142nienie Karty Zg\u0142oszenia Dziecka na obiady i z\u0142o\u017cenie jej w sto\u0142\u00f3wce lub przes\u0142anie mailem pod adres <a href=\"mailto:smaknis@smaknis.pl\">smaknis@smaknis.pl<\/a>. Karta do pobrania\u00a0<a href=\"http:\/\/smaknis.pl\/wp-content\/uploads\/2024\/08\/KARTA-ZGLOSZENIA-DZIECKA-NA-OBIADY-2025.pdf\"><em><span style=\"color: #ff0000;\"><strong>TUTAJ<\/strong><\/span><\/em><\/a><\/li>\n<li>Rezygnacja z obiad\u00f3w abonamentowych mo\u017cliwa jest na pi\u015bmie lub mailem pod adresem <a href=\"mailto:smaknis@smaknis.pl\">smaknis@smaknis.pl<\/a>.<\/li>\n<li>Isnieje mo\u017cliwo\u015b\u0107 przygotowania obiad\u00f3w wegetaria\u0144skich. Obiady b\u0119d\u0105 wydawane na pisemne \u017cyczenie rodzica (opcja do <strong>zaznaczenia w Karcie<\/strong>).<\/li>\n<li>Obiad sk\u0142ada si\u0119 z zupy, drugiego dania i napoju.<\/li>\n<li id=\"ext-gen10008\" class=\"widget-content\" style=\"text-align: left;\">Obiady wydawane s\u0105 dzieciom <strong>zg\u0142oszonym <\/strong>w danym dniu na obiad.<\/li>\n<li class=\"widget-content\" style=\"text-align: left;\">P\u0142atno\u015bci za posi\u0142ki s\u0105 p\u0142atne<strong>\u00a0z g\u00f3ry do 5 dnia miesi\u0105ca<\/strong>\u00a0w przypadku z\u0142o\u017conej Karty Zg\u0142oszenia Dziecka. W innym przypadku p\u0142atno\u015b\u0107 za abonament musi zosta\u0107 dokonana <strong>przed pierwszym dniem<\/strong> nast\u0119pnego okresu rozliczeniowego (<strong>data wp\u0142ywu przelewu na konto<\/strong>)<\/li>\n<li>Istnieje <strong>mo\u017cliwo\u015b\u0107 ustalenia indywidualnego terminu wp\u0142at<\/strong>. Zainteresowanych rodzic\u00f3w prosimy o kontakt i zadeklarowanie terminu wp\u0142at.<\/li>\n<li class=\"widget-content\" style=\"text-align: left;\">Wp\u0142aty mo\u017cna dokonywa\u0107 na <strong>konto bankowe,<\/strong>\u00a0<strong>got\u00f3wk\u0105 lub kart\u0105 p\u0142atnicz\u0105 w sto\u0142\u00f3wce szkolnej.\u00a0<\/strong><\/li>\n<li class=\"widget-content\" style=\"text-align: left;\">Ceny za dany miesi\u0105c podawane s\u0105 w zak\u0142adce &#8222;p\u0142atno\u015bci za posi\u0142ki&#8221;\u00a0<a href=\"http:\/\/smaknis.pl\/index.php\/platnosci-sp\/\"><em><span style=\"color: #ff0000;\"><strong>TUTAJ<\/strong><\/span><\/em><\/a><\/li>\n<li>Do obiad\u00f3w zakupionych na wynos doliczana jest op\u0142ata za opakowanie w kwocie 2 x 1,00 z\u0142<\/li>\n<li class=\"widget-content\" style=\"text-align: left;\">Ze wzgl\u0119d\u00f3w organizacyjnych nie ma mo\u017cliwo\u015bci wykupienia tylko zupy.<\/li>\n<li><strong>Zg\u0142aszania nieobecno\u015bci dziecka na obiadach<\/strong><strong>\u00a0do godz<\/strong>. <strong>8<sup>30<\/sup> danego dnia \u2013 osobi\u015bcie w sto\u0142\u00f3wce lub sms pod numer telefonu 502\u00a0390 149\u00a0 (tylko zg\u0142oszone nieobecno\u015bci b\u0119d\u0105 odliczone przy p\u0142atno\u015bci w nast\u0119pnym miesi\u0105cu). Pracownicy sto\u0142\u00f3wki nie s\u0105 informowani o planowanych przez szko\u0142\u0119 wyjazdach oraz wyj\u015bciach poszczeg\u00f3lnych klas. R\u00f3wnie\u017c takie nieobecno\u015bci wymagaj\u0105 zg\u0142oszenia przez rodzica\/opiekuna.<\/strong><\/li>\n<li>Dla klas 1-3 obiady wydawane s\u0105 \u00a0pod opiek\u0105 wychowawc\u00f3w wg ustalonego harmonogramu, dla klas 4-8 w godzinach 11:45 &#8211; 14:30 \u00a0wg ustalonego harmonogramu przez Dyrektora Szko\u0142y.<\/li>\n<li>Nieuiszczanie terminowych wp\u0142at za obiady skutkowa\u0107 b\u0119dzie natychmiastowym brakiem mo\u017cliwo\u015bci korzystania dziecka ze sto\u0142\u00f3wki szkolnej.<\/li>\n<li>Jad\u0142ospisy podawane s\u0105 w cyklu tygodniowym.<\/li>\n<li>Szczeg\u00f3\u0142owe informacje dotycz\u0105ce sk\u0142adnik\u00f3w da\u0144 oraz alergen\u00f3w wyst\u0119puj\u0105cych w posi\u0142kach mo\u017cna otrzyma\u0107 w sto\u0142\u00f3wce.<\/li>\n<li><strong>Zastrzegamy sobie prawo nie wydania posi\u0142ku dzieciom zagra\u017caj\u0105cym bezpiecze\u0144stwu innych uczni\u00f3w przebywaj\u0105cych na sto\u0142\u00f3wce.<\/strong><\/li>\n<\/ul>\n<div class=\"widget-content\" style=\"text-align: left;\"><\/div>\n<div class=\"widget-content\" style=\"text-align: center;\">\n<p><strong>Aktualny numer konta<\/strong>, na kt\u00f3re nale\u017cy wp\u0142aca\u0107 op\u0142aty za posi\u0142ki w przypadku je\u015bli rodzic nie chce korzysta\u0107 z p\u0142atno\u015bci w panelu:<\/p>\n<p><strong>Us\u0142ugi Gastronomiczne Krzysztof Chodacki<\/strong><\/p>\n<p>Bank ING SA<\/p>\n<p><strong>konto:\u00a0 61 1050 1445 1000 0097 1607 2526<\/strong><\/p>\n<\/div>\n<div class=\"widget-content\" style=\"text-align: center;\"><\/div>\n<div class=\"widget-content\" style=\"text-align: left;\">W tytule przelewu (wa\u017cne zachowanie w\u0142a\u015bciwej kolejno\u015bci):<br \/>\nW przypadku <strong>pe\u0142nego abonamentu<\/strong>: nazwisko imi\u0119, klasa, miesi\u0105c<br \/>\nPrzyk\u0142ad<strong><em>: Nowak Anna, 1a, stycze\u0144<\/em><\/strong><br \/>\nW przypadku wp\u0142at za <strong>wybrane dni tygodnia<\/strong>: nazwisko imi\u0119, klasa, dni tygodnia<br \/>\nPrzyk\u0142ad: <strong><em>Nowak Anna, 1a, pn, \u015br, pt<\/em><\/strong><br \/>\nW przypadku wp\u0142at za <strong>wybrane dni miesi\u0105ca<\/strong>: nazwisko imi\u0119, klasa, dni miesi\u0105ca<br \/>\nPrzyk\u0142ad: <strong><em>Nowak Anna, 1a, 2, 3, 7, 9<\/em><\/strong><br \/>\nW przypadku <strong>rodze\u0144stwa<\/strong> <strong>wp\u0142aty na ka\u017cde dziecko<\/strong> dokonywane s\u0105 <strong>osobnymi przelewami<\/strong>. Paragony za dokonane wp\u0142aty mo\u017cna odebra\u0107 w sto\u0142\u00f3wce szkolnej.<br \/>\n<strong>Nieobecno\u015b\u0107 dziecka<\/strong> na obiedzie nale\u017cy zg\u0142osi\u0107 do godz. 8.o0:\u00a0SMS-em &#8211; 502 390 149, lub osobi\u015bcie w sto\u0142\u00f3wce.<br \/>\n<strong>Zwrot<\/strong> za niewykorzystany obiad mo\u017cna rozliczy\u0107 przy wp\u0142acie za nast\u0119pny miesi\u0105c abonamentowy.<br \/>\nWysoko\u015b\u0107 abonamentu b\u0119dzie ka\u017cdorazowo podawana do wiadomo\u015bci na stronie internetowej \u00a0 <a href=\"http:\/\/www.smaknis.pl\">www.smaknis.pl<\/a> do 25-go dnia ka\u017cdego miesi\u0105ca poprzedzajacego okres \u017cywieniowy.<\/div>\n<div class=\"widget-content\" style=\"text-align: left;\"><\/div>\n<div class=\"widget-content\" style=\"text-align: left;\"><\/div>\n","protected":false},"excerpt":{"rendered":"<p>Regulamin op\u0142at za obiady Warunkiem skorzystania z obiad\u00f3w w sto\u0142\u00f3wce szkolnej jest wype\u0142nienie Karty Zg\u0142oszenia Dziecka na obiady i z\u0142o\u017cenie&hellip;<\/p>\n","protected":false},"author":1,"featured_media":0,"parent":0,"menu_order":0,"comment_status":"closed","ping_status":"closed","template":"","meta":{"footnotes":""},"class_list":["post-80","page","type-page","status-publish","hentry"],"jetpack_sharing_enabled":true,"_links":{"self":[{"href":"https:\/\/smaknis.pl\/index.php\/wp-json\/wp\/v2\/pages\/80"}],"collection":[{"href":"https:\/\/smaknis.pl\/index.php\/wp-json\/wp\/v2\/pages"}],"about":[{"href":"https:\/\/smaknis.pl\/index.php\/wp-json\/wp\/v2\/types\/page"}],"author":[{"embeddable":true,"href":"https:\/\/smaknis.pl\/index.php\/wp-json\/wp\/v2\/users\/1"}],"replies":[{"embeddable":true,"href":"https:\/\/smaknis.pl\/index.php\/wp-json\/wp\/v2\/comments?post=80"}],"version-history":[{"count":35,"href":"https:\/\/smaknis.pl\/index.php\/wp-json\/wp\/v2\/pages\/80\/revisions"}],"predecessor-version":[{"id":1319,"href":"https:\/\/smaknis.pl\/index.php\/wp-json\/wp\/v2\/pages\/80\/revisions\/1319"}],"wp:attachment":[{"href":"https:\/\/smaknis.pl\/index.php\/wp-json\/wp\/v2\/media?parent=80"}],"curies":[{"name":"wp","href":"https:\/\/api.w.org\/{rel}","templated":true}]}}