{"id":848,"date":"2021-08-29T23:55:32","date_gmt":"2021-08-29T21:55:32","guid":{"rendered":"http:\/\/smaknis.pl\/?page_id=848"},"modified":"2024-08-26T23:42:07","modified_gmt":"2024-08-26T21:42:07","slug":"karta-zgloszenia-na-obiady","status":"publish","type":"page","link":"https:\/\/smaknis.pl\/index.php\/karta-zgloszenia-na-obiady\/","title":{"rendered":"Karta zg\u0142oszenia na obiady"},"content":{"rendered":"<p>Deklaracja zg\u0142oszenia na obiady &#8211; <a href=\"http:\/\/smaknis.pl\/wp-content\/uploads\/2024\/08\/KARTA-ZGLOSZENIA-DZIECKA-NA-OBIADY-2025.pdf\"><span style=\"color: #008000;\"><strong>do pobrania<\/strong><\/span><\/a><\/p>\n<p>Dlaczego warto wype\u0142ni\u0107 deklaracj\u0119?<\/p>\n<ol>\n<li>Rodzice na podany w deklaracji mail link do logowania si\u0119 w aplikacji elektronicznej karty obiad\u00f3w<\/li>\n<li>B\u0119d\u0105 mie\u0107 ustawion\u0105 <strong>p\u0142atno\u015b\u0107 za obiady na karcie do 5 dnia miesi\u0105ca<\/strong>.<\/li>\n<\/ol>\n","protected":false},"excerpt":{"rendered":"<p>Deklaracja zg\u0142oszenia na obiady &#8211; do pobrania Dlaczego warto wype\u0142ni\u0107 deklaracj\u0119? Rodzice na podany w deklaracji mail link do logowania&hellip;<\/p>\n","protected":false},"author":1,"featured_media":0,"parent":0,"menu_order":0,"comment_status":"closed","ping_status":"closed","template":"","meta":{"footnotes":""},"class_list":["post-848","page","type-page","status-publish","hentry"],"jetpack_sharing_enabled":true,"_links":{"self":[{"href":"https:\/\/smaknis.pl\/index.php\/wp-json\/wp\/v2\/pages\/848"}],"collection":[{"href":"https:\/\/smaknis.pl\/index.php\/wp-json\/wp\/v2\/pages"}],"about":[{"href":"https:\/\/smaknis.pl\/index.php\/wp-json\/wp\/v2\/types\/page"}],"author":[{"embeddable":true,"href":"https:\/\/smaknis.pl\/index.php\/wp-json\/wp\/v2\/users\/1"}],"replies":[{"embeddable":true,"href":"https:\/\/smaknis.pl\/index.php\/wp-json\/wp\/v2\/comments?post=848"}],"version-history":[{"count":6,"href":"https:\/\/smaknis.pl\/index.php\/wp-json\/wp\/v2\/pages\/848\/revisions"}],"predecessor-version":[{"id":1316,"href":"https:\/\/smaknis.pl\/index.php\/wp-json\/wp\/v2\/pages\/848\/revisions\/1316"}],"wp:attachment":[{"href":"https:\/\/smaknis.pl\/index.php\/wp-json\/wp\/v2\/media?parent=848"}],"curies":[{"name":"wp","href":"https:\/\/api.w.org\/{rel}","templated":true}]}}